{"id":2516,"date":"2025-08-04T01:31:10","date_gmt":"2025-08-04T01:31:10","guid":{"rendered":"https:\/\/demo.7iquid.com\/little-sprouts\/?page_id=2516"},"modified":"2026-01-28T21:17:18","modified_gmt":"2026-01-28T21:17:18","slug":"contact-us","status":"publish","type":"page","link":"https:\/\/shkollaedijes.al\/en\/contact-us\/","title":{"rendered":"Kontaktoni Shkoll\u00ebn e Dijes \u2013 Durr\u00ebs"},"content":{"rendered":"<div data-elementor-type=\"wp-page\" data-elementor-id=\"2516\" class=\"elementor elementor-2516\" data-elementor-post-type=\"page\">\n\t\t\t\t<div class=\"elementor-element elementor-element-644bf93 e-flex e-con-boxed e-con e-parent\" data-id=\"644bf93\" data-element_type=\"container\" data-e-type=\"container\">\n\t\t\t\t\t\t\t<div class=\"e-con-inner\">\n\t\t\t\t<div class=\"elementor-element elementor-element-d014e3a elementor-absolute elementor-invisible elementor-widget elementor-widget-pxl_image\" data-id=\"d014e3a\" data-element_type=\"widget\" data-e-type=\"widget\" data-settings=\"{&quot;_position&quot;:&quot;absolute&quot;,&quot;_animation&quot;:&quot;fadeInRight&quot;,&quot;_animation_delay&quot;:400}\" data-widget_type=\"pxl_image.default\">\n\t\t\t\t<div class=\"elementor-widget-container\">\n\t\t\t\t\t<div id=\"pxl_image-d014e3a-3104\" class=\"pxl-image-wg d-flex default\">\r\n\t\t\t<img decoding=\"async\" width=\"270\" height=\"169\" src=\"https:\/\/shkollaedijes.al\/wp-content\/uploads\/2025\/08\/img2-contact.webp\" class=\"attachment-full size-full wp-image-2587\" alt=\"\" \/>\t\t\t<\/div>\t\t\t\t<\/div>\n\t\t\t\t<\/div>\n\t\t<div class=\"elementor-element elementor-element-2b4e9a9 e-con-full e-flex e-con e-child\" data-id=\"2b4e9a9\" data-element_type=\"container\" data-e-type=\"container\">\n\t\t\t\t\t\t<div class=\"elementor-element elementor-element-84e43e3 elementor-widget elementor-widget-pxl_image\" data-id=\"84e43e3\" data-element_type=\"widget\" data-e-type=\"widget\" data-widget_type=\"pxl_image.default\">\n\t\t\t\t<div class=\"elementor-widget-container\">\n\t\t\t\t\t<div id=\"pxl_image-84e43e3-9660\" class=\"pxl-image-wg d-flex default\">\r\n\t\t\t<img fetchpriority=\"high\" decoding=\"async\" width=\"780\" height=\"564\" src=\"https:\/\/shkollaedijes.al\/wp-content\/uploads\/2025\/08\/img1-contact.webp\" class=\"attachment-full size-full wp-image-2544\" alt=\"\" srcset=\"https:\/\/shkollaedijes.al\/wp-content\/uploads\/2025\/08\/img1-contact.webp 780w, https:\/\/shkollaedijes.al\/wp-content\/uploads\/2025\/08\/img1-contact-600x434.webp 600w, https:\/\/shkollaedijes.al\/wp-content\/uploads\/2025\/08\/img1-contact-768x555.webp 768w\" sizes=\"(max-width: 780px) 100vw, 780px\" \/>\t\t\t<\/div>\t\t\t\t<\/div>\n\t\t\t\t<\/div>\n\t\t<div class=\"elementor-element elementor-element-70b288e e-con-full e-flex e-con e-child\" data-id=\"70b288e\" data-element_type=\"container\" data-e-type=\"container\" data-settings=\"{&quot;background_background&quot;:&quot;classic&quot;}\">\n\t\t\t\t<div class=\"elementor-element elementor-element-e1089e7 e-con-full e-flex e-con e-child\" data-id=\"e1089e7\" data-element_type=\"container\" data-e-type=\"container\">\n\t\t\t\t\t\t<div class=\"elementor-element elementor-element-bbe98a5 elementor-view-stacked elementor-position-inline-start elementor-shape-circle elementor-mobile-position-block-start elementor-widget elementor-widget-icon-box\" data-id=\"bbe98a5\" data-element_type=\"widget\" data-e-type=\"widget\" data-widget_type=\"icon-box.default\">\n\t\t\t\t\t\t\t<div class=\"elementor-icon-box-wrapper\">\n\n\t\t\t\t\t\t<div class=\"elementor-icon-box-icon\">\n\t\t\t\t<a href=\"https:\/\/www.google.com\/maps?q=3132SimpsonStreet,BloomingtonCity,McLeanCounty,Illinois61704,USA\" class=\"elementor-icon\" tabindex=\"-1\" aria-label=\"Adresa e Shkoll\u00ebs \">\n\t\t\t\t<svg xmlns=\"http:\/\/www.w3.org\/2000\/svg\" width=\"56\" height=\"56\" viewbox=\"0 0 256 256\"><path d=\"M128,16a88.1,88.1,0,0,0-88,88c0,75.3,80,132.17,83.41,134.55a8,8,0,0,0,9.18,0C136,236.17,216,179.3,216,104A88.1,88.1,0,0,0,128,16Zm0,56a32,32,0,1,1-32,32A32,32,0,0,1,128,72Z\"><\/path><\/svg>\t\t\t\t<\/a>\n\t\t\t<\/div>\n\t\t\t\n\t\t\t\t\t\t<div class=\"elementor-icon-box-content\">\n\n\t\t\t\t\t\t\t\t\t<h3 class=\"elementor-icon-box-title\">\n\t\t\t\t\t\t<a href=\"https:\/\/www.google.com\/maps?q=3132SimpsonStreet,BloomingtonCity,McLeanCounty,Illinois61704,USA\" >\n\t\t\t\t\t\t\tAdresa e Shkoll\u00ebs \t\t\t\t\t\t<\/a>\n\t\t\t\t\t<\/h3>\n\t\t\t\t\n\t\t\t\t\t\t\t\t\t<p class=\"elementor-icon-box-description\">\n\t\t\t\t\t\tRruga Adria\nDurr\u00ebs, Albania\t\t\t\t\t<\/p>\n\t\t\t\t\n\t\t\t<\/div>\n\t\t\t\n\t\t<\/div>\n\t\t\t\t\t\t<\/div>\n\t\t\t\t<div class=\"elementor-element elementor-element-d480fd8 elementor-view-stacked elementor-position-inline-start elementor-shape-circle elementor-mobile-position-block-start elementor-widget elementor-widget-icon-box\" data-id=\"d480fd8\" data-element_type=\"widget\" data-e-type=\"widget\" data-widget_type=\"icon-box.default\">\n\t\t\t\t\t\t\t<div class=\"elementor-icon-box-wrapper\">\n\n\t\t\t\t\t\t<div class=\"elementor-icon-box-icon\">\n\t\t\t\t<a href=\"\" class=\"elementor-icon\" tabindex=\"-1\" aria-label=\"Contact Us \">\n\t\t\t\t<svg xmlns=\"http:\/\/www.w3.org\/2000\/svg\" width=\"56\" height=\"56\" viewbox=\"0 0 256 256\"><path d=\"M232,128c0,.51,0,1,0,1.52-.34,14.26-5.63,30.48-28,30.48-23.14,0-28-17.4-28-32V88a8,8,0,0,0-8.53-8A8.17,8.17,0,0,0,160,88.27v4a48,48,0,1,0,6.73,64.05,40.19,40.19,0,0,0,3.38,5C175.48,168,185.71,176,204,176a54.81,54.81,0,0,0,9.22-.75,4,4,0,0,1,4.09,6A104.05,104.05,0,0,1,125.91,232C71.13,230.9,26.2,186.86,24.08,132.11A104,104,0,1,1,232,128ZM96,128a32,32,0,1,0,32-32A32,32,0,0,0,96,128Z\"><\/path><\/svg>\t\t\t\t<\/a>\n\t\t\t<\/div>\n\t\t\t\n\t\t\t\t\t\t<div class=\"elementor-icon-box-content\">\n\n\t\t\t\t\t\t\t\t\t<h3 class=\"elementor-icon-box-title\">\n\t\t\t\t\t\t<a href=\"\" >\n\t\t\t\t\t\t\tContact Us \t\t\t\t\t\t<\/a>\n\t\t\t\t\t<\/h3>\n\t\t\t\t\n\t\t\t\t\t\t\t\t\t<p class=\"elementor-icon-box-description\">\n\t\t\t\t\t\tshkollaedijes@gmail.com\n<br> +355683000366\t\t\t\t\t<\/p>\n\t\t\t\t\n\t\t\t<\/div>\n\t\t\t\n\t\t<\/div>\n\t\t\t\t\t\t<\/div>\n\t\t\t\t<div class=\"elementor-element elementor-element-cf818f9 elementor-view-stacked elementor-position-inline-start elementor-shape-circle elementor-mobile-position-block-start elementor-widget elementor-widget-icon-box\" data-id=\"cf818f9\" data-element_type=\"widget\" data-e-type=\"widget\" data-widget_type=\"icon-box.default\">\n\t\t\t\t\t\t\t<div class=\"elementor-icon-box-wrapper\">\n\n\t\t\t\t\t\t<div class=\"elementor-icon-box-icon\">\n\t\t\t\t<span  class=\"elementor-icon\">\n\t\t\t\t<svg xmlns=\"http:\/\/www.w3.org\/2000\/svg\" viewbox=\"0 0 512 512\"><path d=\"M256 0a256 256 0 1 1 0 512A256 256 0 1 1 256 0zM232 120l0 136c0 8 4 15.5 10.7 20l96 64c11 7.4 25.9 4.4 33.3-6.7s4.4-25.9-6.7-33.3L280 243.2 280 120c0-13.3-10.7-24-24-24s-24 10.7-24 24z\"><\/path><\/svg>\t\t\t\t<\/span>\n\t\t\t<\/div>\n\t\t\t\n\t\t\t\t\t\t<div class=\"elementor-icon-box-content\">\n\n\t\t\t\t\t\t\t\t\t<h3 class=\"elementor-icon-box-title\">\n\t\t\t\t\t\t<span  >\n\t\t\t\t\t\t\tWorking Hours \t\t\t\t\t\t<\/span>\n\t\t\t\t\t<\/h3>\n\t\t\t\t\n\t\t\t\t\t\t\t\t\t<p class=\"elementor-icon-box-description\">\n\t\t\t\t\t\tMonday - Friday  08:00 - 16:00\n<br>E shtun\u00eb  : 10:00 - 13:00 \/ E Diel\u00eb : Mbyllur\t\t\t\t\t<\/p>\n\t\t\t\t\n\t\t\t<\/div>\n\t\t\t\n\t\t<\/div>\n\t\t\t\t\t\t<\/div>\n\t\t\t\t<\/div>\n\t\t\t\t<\/div>\n\t\t\t\t<\/div>\n\t\t<div class=\"elementor-element elementor-element-d2eb5f3 e-con-full e-flex e-con e-child\" data-id=\"d2eb5f3\" data-element_type=\"container\" data-e-type=\"container\">\n\t\t\t\t\t\t<div class=\"elementor-element elementor-element-9789cf5 elementor-widget elementor-widget-pxl_heading\" data-id=\"9789cf5\" data-element_type=\"widget\" data-e-type=\"widget\" data-widget_type=\"pxl_heading.default\">\n\t\t\t\t<div class=\"elementor-widget-container\">\n\t\t\t\t\t<div id=\"pxl-pxl_heading-9789cf5-9516\" class=\"pxl-heading-wrap d-flex\">\n    <div class=\"pxl-heading-inner d-flex flex-column flex-column-reverse sub-top\" >\n        <h2 class=\"heading-title pxl-split-text split-lines-rotation-x\">\n            Na D\u00ebrgoni Nj\u00eb Mesazh  Kurdo q\u00eb D\u00ebshironi!\n                    <\/h2>\n            <\/div>\n<\/div>\n\n\t\t\t\t<\/div>\n\t\t\t\t<\/div>\n\t\t\t\t<div class=\"elementor-element elementor-element-fdae0cd elementor-widget elementor-widget-pxl_text_editor\" data-id=\"fdae0cd\" data-element_type=\"widget\" data-e-type=\"widget\" data-widget_type=\"pxl_text_editor.default\">\n\t\t\t\t<div class=\"elementor-widget-container\">\n\t\t\t\t\t<div id=\"pxl_text_editor-fdae0cd-5624\" class=\"pxl-text-editor-wrap d-flex\" >\n\t<div class=\"pxl-text-editor elementor-clearfix\">\n\t\t<p>Drop us a line and we\u2019ll respond within 24 hours via email. Thank you for reaching out!<\/p><div class=\"host-bincmiainjofjnhchmcalkanjebghoen\" style=\"position: relative; z-index: 2147483647;\">\u00a0<\/div><div class=\"host-bincmiainjofjnhchmcalkanjebghoen\" style=\"position: relative; z-index: 2147483647;\">\u00a0<\/div>\t\t\n\t<\/div>\n<\/div>\t\t\t\t<\/div>\n\t\t\t\t<\/div>\n\t\t\t\t<div class=\"elementor-element elementor-element-68b2fb1 elementor-widget elementor-widget-pxl_contact_form\" data-id=\"68b2fb1\" data-element_type=\"widget\" data-e-type=\"widget\" data-widget_type=\"pxl_contact_form.default\">\n\t\t\t\t<div class=\"elementor-widget-container\">\n\t\t\t\t\t<div class=\"pxl-cf7-wrap relative\">\r\n    \n<div class=\"wpcf7 no-js\" id=\"wpcf7-f7-o1\" lang=\"en-US\" dir=\"ltr\" data-wpcf7-id=\"7\">\n<div class=\"screen-reader-response\"><p role=\"status\" aria-live=\"polite\" aria-atomic=\"true\"><\/p> <ul><\/ul><\/div>\n<form action=\"\/en\/wp-json\/wp\/v2\/pages\/2516#wpcf7-f7-o1\" method=\"post\" class=\"wpcf7-form init\" aria-label=\"Contact form\" novalidate=\"novalidate\" data-status=\"init\" data-trp-original-action=\"\/en\/wp-json\/wp\/v2\/pages\/2516#wpcf7-f7-o1\">\n<fieldset class=\"hidden-fields-container\"><input type=\"hidden\" name=\"_wpcf7\" value=\"7\" \/><input type=\"hidden\" name=\"_wpcf7_version\" value=\"6.1.3\" \/><input type=\"hidden\" name=\"_wpcf7_locale\" value=\"en_US\" \/><input type=\"hidden\" name=\"_wpcf7_unit_tag\" value=\"wpcf7-f7-o1\" \/><input type=\"hidden\" name=\"_wpcf7_container_post\" value=\"0\" \/><input type=\"hidden\" name=\"_wpcf7_posted_data_hash\" value=\"\" \/>\n<\/fieldset>\n<div class=\"form-contact\">\n\t<div class=\"row gx-15\">\n\t\t<div class=\"col-12 col-lg-6\">\n\t\t\t<p><label>Your Name<\/label><br \/>\n<span class=\"wpcf7-form-control-wrap\" data-name=\"text-755\"><input size=\"40\" maxlength=\"400\" class=\"wpcf7-form-control wpcf7-text wpcf7-validates-as-required contact-name\" autocomplete=\"name\" aria-required=\"true\" aria-invalid=\"false\" placeholder=\"Write Your Name ...\" value=\"\" type=\"text\" name=\"text-755\" \/><\/span>\n\t\t\t<\/p>\n\t\t<\/div>\n\t\t<div class=\"col-12 col-lg-6\">\n\t\t\t<p><label>Your Email <\/label><br \/>\n<span class=\"wpcf7-form-control-wrap\" data-name=\"email-289\"><input size=\"40\" maxlength=\"400\" class=\"wpcf7-form-control wpcf7-email wpcf7-validates-as-required wpcf7-text wpcf7-validates-as-email contact-mail\" autocomplete=\"email\" aria-required=\"true\" aria-invalid=\"false\" placeholder=\"Write Your Email ...\" value=\"\" type=\"email\" name=\"email-289\" \/><\/span>\n\t\t\t<\/p>\n\t\t<\/div>\n\t<\/div>\n\t<div class=\"row gx-15\">\n\t\t<div class=\"col-12 col-lg-6\">\n\t\t\t<p><label>Numri juaj i Telefonit *<\/label><br \/>\n<span class=\"wpcf7-form-control-wrap\" data-name=\"tel-601\"><input size=\"40\" maxlength=\"400\" class=\"wpcf7-form-control wpcf7-tel wpcf7-validates-as-required wpcf7-text wpcf7-validates-as-tel contact-phone\" autocomplete=\"tel\" aria-required=\"true\" aria-invalid=\"false\" placeholder=\"Enter you phone number\" value=\"\" type=\"tel\" name=\"tel-601\" \/><\/span>\n\t\t\t<\/p>\n\t\t<\/div>\n\t\t<div class=\"col-12 col-lg-6\">\n\t\t\t<p><label>Your Question or Concern <\/label><br \/>\n<span class=\"wpcf7-form-control-wrap\" data-name=\"select-286\"><select class=\"wpcf7-form-control wpcf7-select wpcf7-validates-as-required contact-drop\" aria-required=\"true\" aria-invalid=\"false\" name=\"select-286\"><option value=\"\">How do I enroll my child?<\/option><option value=\"\u00c7far\u00eb dokumentesh k\u00ebrkohen?\">What documents are required?<\/option><option value=\"A mund t\u00eb planifikoj vizit\u00eb n\u00eb shkoll\u00eb?\">Can I schedule a visit to the school?<\/option><option value=\"Kujt mund t\u2019i drejtohem p\u00ebr pyetje?\">Who can I contact for questions?<\/option><\/select><\/span>\n\t\t\t<\/p>\n\t\t<\/div>\n\t<\/div>\n\t<p><label> Message<\/label><br \/>\n<span class=\"wpcf7-form-control-wrap\" data-name=\"textarea-131\"><textarea cols=\"40\" rows=\"10\" maxlength=\"2000\" class=\"wpcf7-form-control wpcf7-textarea wpcf7-validates-as-required contact-mess\" aria-required=\"true\" aria-invalid=\"false\" placeholder=\"Write your question or concern...\" name=\"textarea-131\"><\/textarea><\/span>\n\t<\/p>\n\t<div class=\"contact-submit\">\n\t\t<p><label for=\"AGREE_TO_TERMS\"><br \/>\n<input id=\"AGREE_TO_TERMS\" name=\"AGREE_TO_TERMS\" type=\"checkbox\" value=\"1\" required=\"\" \/><br \/>\n<span><br \/>\nAgree to our terms and conditions<br \/>\n<\/span><br \/>\n<\/label><br \/>\n<button type=\"submit\" class=\"pxl-btn btn-primary\">Send A Message <span class=\"pxl-icon\"><i class=\"pxli pxli-paper-plane-solid\"><\/i><\/span> <\/button>\n\t\t<\/p>\n\t<\/div>\n<\/div><div class=\"wpcf7-response-output\" aria-hidden=\"true\"><\/div>\n<input type=\"hidden\" name=\"trp-form-language\" value=\"en\"\/><\/form>\n<\/div>\n \r\n<\/div>\t\t\t\t<\/div>\n\t\t\t\t<\/div>\n\t\t\t\t<\/div>\n\t\t\t\t\t<\/div>\n\t\t\t\t<\/div>\n\t\t<div class=\"elementor-element elementor-element-6ef07ca e-flex e-con-boxed e-con e-parent\" data-id=\"6ef07ca\" data-element_type=\"container\" data-e-type=\"container\">\n\t\t\t\t\t\t\t<div class=\"e-con-inner\">\n\t\t<div class=\"elementor-element elementor-element-6921ead e-con-full e-flex e-con e-child\" data-id=\"6921ead\" data-element_type=\"container\" data-e-type=\"container\">\n\t\t\t\t\t\t<div class=\"elementor-element elementor-element-8e0656d elementor-widget elementor-widget-google_maps\" data-id=\"8e0656d\" data-element_type=\"widget\" data-e-type=\"widget\" data-widget_type=\"google_maps.default\">\n\t\t\t\t\t\t\t<div class=\"elementor-custom-embed\">\n\t\t\t<iframe loading=\"lazy\"\n\t\t\t\t\tsrc=\"https:\/\/maps.google.com\/maps?q=41.317339%2C%2019.466806&#038;t=m&#038;z=15&#038;output=embed&#038;iwloc=near\"\n\t\t\t\t\ttitle=\"41.317339, 19.466806\"\n\t\t\t\t\taria-label=\"41.317339, 19.466806\"\n\t\t\t><\/iframe>\n\t\t<\/div>\n\t\t\t\t\t\t<\/div>\n\t\t\t\t<\/div>\n\t\t\t\t\t<\/div>\n\t\t\t\t<\/div>\n\t\t\t\t<\/div>","protected":false},"excerpt":{"rendered":"<p>Adresa e Shkoll\u00ebs Rruga Adria Durr\u00ebs, Albania \u00a0 Na Kontaktoni shkollaedijes@gmail.com +355683000366 &nbsp; Orari E H\u00ebn\u00eb &#8211; E Premte : 08:00 &#8211; 16:00 E shtun\u00eb : 10:00 &#8211; 13:00 \/ E Diel\u00eb : Mbyllur Na D\u00ebrgoni Nj\u00eb Mesazh Kurdo q\u00eb D\u00ebshironi! Na shkruani dhe do t\u2019ju p\u00ebrgjigjemi brenda 24 or\u00ebsh p\u00ebrmes email-it. Faleminderit q\u00eb na [&hellip;]<\/p>","protected":false},"author":1,"featured_media":0,"parent":0,"menu_order":0,"comment_status":"closed","ping_status":"closed","template":"","meta":{"footnotes":""},"class_list":["post-2516","page","type-page","status-publish","hentry"],"yoast_head":"<!-- This site is optimized with the Yoast SEO Premium plugin v26.8 (Yoast SEO v27.4) - https:\/\/yoast.com\/product\/yoast-seo-premium-wordpress\/ -->\n<title>Kontakt Shkolla e Dijes Durr\u00ebs | Regjistrime &amp; Informacion<\/title>\n<meta name=\"description\" content=\"Kontaktoni Shkoll\u00ebn e Dijes n\u00eb Durr\u00ebs p\u00ebr regjistrime, pyetje dhe informacione mbi programet tona edukative p\u00ebr f\u00ebmij\u00eb.\" \/>\n<meta name=\"robots\" content=\"index, follow, max-snippet:-1, max-image-preview:large, max-video-preview:-1\" \/>\n<link rel=\"canonical\" href=\"https:\/\/shkollaedijes.al\/en\/contact-us\/\" \/>\n<meta property=\"og:locale\" content=\"en_GB\" \/>\n<meta property=\"og:type\" content=\"article\" \/>\n<meta property=\"og:title\" content=\"Kontaktoni Shkoll\u00ebn e Dijes \u2013 Durr\u00ebs\" \/>\n<meta property=\"og:description\" content=\"Kontaktoni Shkoll\u00ebn e Dijes n\u00eb Durr\u00ebs p\u00ebr regjistrime, pyetje dhe informacione mbi programet tona edukative p\u00ebr f\u00ebmij\u00eb.\" \/>\n<meta property=\"og:url\" content=\"https:\/\/shkollaedijes.al\/en\/contact-us\/\" \/>\n<meta property=\"og:site_name\" content=\"shkollaedijes.al\" \/>\n<meta property=\"article:modified_time\" content=\"2026-01-28T21:17:18+00:00\" \/>\n<meta property=\"og:image\" content=\"https:\/\/shkollaedijes.al\/wp-content\/uploads\/2025\/08\/img2-contact.webp\" \/>\n<meta name=\"twitter:card\" content=\"summary_large_image\" \/>\n<meta name=\"twitter:label1\" content=\"Estimated reading time\" \/>\n\t<meta name=\"twitter:data1\" content=\"1 minute\" \/>\n<script type=\"application\/ld+json\" class=\"yoast-schema-graph\">{\"@context\":\"https:\\\/\\\/schema.org\",\"@graph\":[{\"@type\":\"WebPage\",\"@id\":\"https:\\\/\\\/shkollaedijes.al\\\/en\\\/contact-us\\\/\",\"url\":\"https:\\\/\\\/shkollaedijes.al\\\/en\\\/contact-us\\\/\",\"name\":\"Kontakt Shkolla e Dijes Durr\u00ebs | Regjistrime & Informacion\",\"isPartOf\":{\"@id\":\"https:\\\/\\\/shkollaedijes.al\\\/en\\\/#website\"},\"primaryImageOfPage\":{\"@id\":\"https:\\\/\\\/shkollaedijes.al\\\/en\\\/contact-us\\\/#primaryimage\"},\"image\":{\"@id\":\"https:\\\/\\\/shkollaedijes.al\\\/en\\\/contact-us\\\/#primaryimage\"},\"thumbnailUrl\":\"https:\\\/\\\/shkollaedijes.al\\\/wp-content\\\/uploads\\\/2025\\\/08\\\/img2-contact.webp\",\"datePublished\":\"2025-08-04T01:31:10+00:00\",\"dateModified\":\"2026-01-28T21:17:18+00:00\",\"description\":\"Kontaktoni Shkoll\u00ebn e Dijes n\u00eb Durr\u00ebs p\u00ebr regjistrime, pyetje dhe informacione mbi programet tona edukative p\u00ebr f\u00ebmij\u00eb.\",\"breadcrumb\":{\"@id\":\"https:\\\/\\\/shkollaedijes.al\\\/en\\\/contact-us\\\/#breadcrumb\"},\"inLanguage\":\"en-GB\",\"potentialAction\":[{\"@type\":\"ReadAction\",\"target\":[\"https:\\\/\\\/shkollaedijes.al\\\/en\\\/contact-us\\\/\"]}]},{\"@type\":\"ImageObject\",\"inLanguage\":\"en-GB\",\"@id\":\"https:\\\/\\\/shkollaedijes.al\\\/en\\\/contact-us\\\/#primaryimage\",\"url\":\"https:\\\/\\\/shkollaedijes.al\\\/wp-content\\\/uploads\\\/2025\\\/08\\\/img2-contact.webp\",\"contentUrl\":\"https:\\\/\\\/shkollaedijes.al\\\/wp-content\\\/uploads\\\/2025\\\/08\\\/img2-contact.webp\"},{\"@type\":\"BreadcrumbList\",\"@id\":\"https:\\\/\\\/shkollaedijes.al\\\/en\\\/contact-us\\\/#breadcrumb\",\"itemListElement\":[{\"@type\":\"ListItem\",\"position\":1,\"name\":\"Home\",\"item\":\"https:\\\/\\\/shkollaedijes.al\\\/\"},{\"@type\":\"ListItem\",\"position\":2,\"name\":\"Kontaktoni Shkoll\u00ebn e Dijes \u2013 Durr\u00ebs\"}]},{\"@type\":\"WebSite\",\"@id\":\"https:\\\/\\\/shkollaedijes.al\\\/en\\\/#website\",\"url\":\"https:\\\/\\\/shkollaedijes.al\\\/en\\\/\",\"name\":\"shkollaedijes.al\",\"description\":\"\",\"potentialAction\":[{\"@type\":\"SearchAction\",\"target\":{\"@type\":\"EntryPoint\",\"urlTemplate\":\"https:\\\/\\\/shkollaedijes.al\\\/en\\\/?s={search_term_string}\"},\"query-input\":{\"@type\":\"PropertyValueSpecification\",\"valueRequired\":true,\"valueName\":\"search_term_string\"}}],\"inLanguage\":\"en-GB\"}]}<\/script>\n<!-- \/ Yoast SEO Premium plugin. -->","yoast_head_json":{"title":"Contact  Shkolla e Dijes in Durr\u00ebs | Registration &amp; Information","description":"Contact the School of Knowledge in Durres for registrations, questions, and information about our educational programs for children.","robots":{"index":"index","follow":"follow","max-snippet":"max-snippet:-1","max-image-preview":"max-image-preview:large","max-video-preview":"max-video-preview:-1"},"canonical":"https:\/\/shkollaedijes.al\/en\/contact-us\/","og_locale":"en_GB","og_type":"article","og_title":"Kontaktoni Shkoll\u00ebn e Dijes \u2013 Durr\u00ebs","og_description":"Kontaktoni Shkoll\u00ebn e Dijes n\u00eb Durr\u00ebs p\u00ebr regjistrime, pyetje dhe informacione mbi programet tona edukative p\u00ebr f\u00ebmij\u00eb.","og_url":"https:\/\/shkollaedijes.al\/en\/contact-us\/","og_site_name":"shkollaedijes.al","article_modified_time":"2026-01-28T21:17:18+00:00","og_image":[{"url":"https:\/\/shkollaedijes.al\/wp-content\/uploads\/2025\/08\/img2-contact.webp","type":"","width":"","height":""}],"twitter_card":"summary_large_image","twitter_misc":{"Estimated reading time":"1 minute"},"schema":{"@context":"https:\/\/schema.org","@graph":[{"@type":"WebPage","@id":"https:\/\/shkollaedijes.al\/en\/contact-us\/","url":"https:\/\/shkollaedijes.al\/en\/contact-us\/","name":"Contact  Shkolla e Dijes in Durr\u00ebs | Registration &amp; Information","isPartOf":{"@id":"https:\/\/shkollaedijes.al\/en\/#website"},"primaryImageOfPage":{"@id":"https:\/\/shkollaedijes.al\/en\/contact-us\/#primaryimage"},"image":{"@id":"https:\/\/shkollaedijes.al\/en\/contact-us\/#primaryimage"},"thumbnailUrl":"https:\/\/shkollaedijes.al\/wp-content\/uploads\/2025\/08\/img2-contact.webp","datePublished":"2025-08-04T01:31:10+00:00","dateModified":"2026-01-28T21:17:18+00:00","description":"Contact the School of Knowledge in Durres for registrations, questions, and information about our educational programs for children.","breadcrumb":{"@id":"https:\/\/shkollaedijes.al\/en\/contact-us\/#breadcrumb"},"inLanguage":"en-GB","potentialAction":[{"@type":"ReadAction","target":["https:\/\/shkollaedijes.al\/en\/contact-us\/"]}]},{"@type":"ImageObject","inLanguage":"en-GB","@id":"https:\/\/shkollaedijes.al\/en\/contact-us\/#primaryimage","url":"https:\/\/shkollaedijes.al\/wp-content\/uploads\/2025\/08\/img2-contact.webp","contentUrl":"https:\/\/shkollaedijes.al\/wp-content\/uploads\/2025\/08\/img2-contact.webp"},{"@type":"BreadcrumbList","@id":"https:\/\/shkollaedijes.al\/en\/contact-us\/#breadcrumb","itemListElement":[{"@type":"ListItem","position":1,"name":"Home","item":"https:\/\/shkollaedijes.al\/"},{"@type":"ListItem","position":2,"name":"Kontaktoni Shkoll\u00ebn e Dijes \u2013 Durr\u00ebs"}]},{"@type":"WebSite","@id":"https:\/\/shkollaedijes.al\/en\/#website","url":"https:\/\/shkollaedijes.al\/en\/","name":"shkollaedijes.al","description":"","potentialAction":[{"@type":"SearchAction","target":{"@type":"EntryPoint","urlTemplate":"https:\/\/shkollaedijes.al\/en\/?s={search_term_string}"},"query-input":{"@type":"PropertyValueSpecification","valueRequired":true,"valueName":"search_term_string"}}],"inLanguage":"en-GB"}]}},"_hostinger_reach_plugin_has_subscription_block":false,"_hostinger_reach_plugin_is_elementor":false,"_links":{"self":[{"href":"https:\/\/shkollaedijes.al\/en\/wp-json\/wp\/v2\/pages\/2516","targetHints":{"allow":["GET"]}}],"collection":[{"href":"https:\/\/shkollaedijes.al\/en\/wp-json\/wp\/v2\/pages"}],"about":[{"href":"https:\/\/shkollaedijes.al\/en\/wp-json\/wp\/v2\/types\/page"}],"author":[{"embeddable":true,"href":"https:\/\/shkollaedijes.al\/en\/wp-json\/wp\/v2\/users\/1"}],"replies":[{"embeddable":true,"href":"https:\/\/shkollaedijes.al\/en\/wp-json\/wp\/v2\/comments?post=2516"}],"version-history":[{"count":26,"href":"https:\/\/shkollaedijes.al\/en\/wp-json\/wp\/v2\/pages\/2516\/revisions"}],"predecessor-version":[{"id":9716,"href":"https:\/\/shkollaedijes.al\/en\/wp-json\/wp\/v2\/pages\/2516\/revisions\/9716"}],"wp:attachment":[{"href":"https:\/\/shkollaedijes.al\/en\/wp-json\/wp\/v2\/media?parent=2516"}],"curies":[{"name":"wp","href":"https:\/\/api.w.org\/{rel}","templated":true}]}}